{"id":70330,"date":"2026-04-14T14:18:49","date_gmt":"2026-04-14T14:18:49","guid":{"rendered":"https:\/\/urboowhome.com\/index.php\/produto\/kelvis-wall-light-black\/"},"modified":"2026-04-14T15:06:15","modified_gmt":"2026-04-14T15:06:15","slug":"kelvis-wall-light-black","status":"publish","type":"product","link":"https:\/\/urboowhome.com\/index.php\/produto\/kelvis-wall-light-black\/","title":{"rendered":"Kelvis | Wall light | Black"},"content":{"rendered":"","protected":false},"excerpt":{"rendered":"<p>A Kelvis apresenta um design simples e minimalista com uma c\u00fapula em formato de cone que confere um toque gr\u00e1fico refinado. A cabe\u00e7a da l\u00e2mpada \u00e9 ajust\u00e1vel, podendo ser inclinada e girada para direcionar a luz exatamente para onde voc\u00ea precisa \u2013 ideal para leitura ou para criar uma ilumina\u00e7\u00e3o focada.<\/p>\n","protected":false},"featured_media":70329,"comment_status":"open","ping_status":"closed","template":"","meta":[],"product_brand":[],"product_cat":[242,245,119],"product_tag":[],"class_list":{"0":"post-70330","1":"product","2":"type-product","3":"status-publish","4":"has-post-thumbnail","6":"product_cat-interior","7":"product_cat-novidades","8":"product_cat-parede","11":"first","12":"instock","13":"shipping-taxable","14":"purchasable","15":"product-type-simple"},"_links":{"self":[{"href":"https:\/\/urboowhome.com\/index.php\/wp-json\/wp\/v2\/product\/70330","targetHints":{"allow":["GET"]}}],"collection":[{"href":"https:\/\/urboowhome.com\/index.php\/wp-json\/wp\/v2\/product"}],"about":[{"href":"https:\/\/urboowhome.com\/index.php\/wp-json\/wp\/v2\/types\/product"}],"replies":[{"embeddable":true,"href":"https:\/\/urboowhome.com\/index.php\/wp-json\/wp\/v2\/comments?post=70330"}],"wp:featuredmedia":[{"embeddable":true,"href":"https:\/\/urboowhome.com\/index.php\/wp-json\/wp\/v2\/media\/70329"}],"wp:attachment":[{"href":"https:\/\/urboowhome.com\/index.php\/wp-json\/wp\/v2\/media?parent=70330"}],"wp:term":[{"taxonomy":"product_brand","embeddable":true,"href":"https:\/\/urboowhome.com\/index.php\/wp-json\/wp\/v2\/product_brand?post=70330"},{"taxonomy":"product_cat","embeddable":true,"href":"https:\/\/urboowhome.com\/index.php\/wp-json\/wp\/v2\/product_cat?post=70330"},{"taxonomy":"product_tag","embeddable":true,"href":"https:\/\/urboowhome.com\/index.php\/wp-json\/wp\/v2\/product_tag?post=70330"}],"curies":[{"name":"wp","href":"https:\/\/api.w.org\/{rel}","templated":true}]}}