{"id":70344,"date":"2026-04-14T14:19:45","date_gmt":"2026-04-14T14:19:45","guid":{"rendered":"https:\/\/urboowhome.com\/index.php\/produto\/kelvis-floor-lamp-black\/"},"modified":"2026-04-14T15:07:27","modified_gmt":"2026-04-14T15:07:27","slug":"kelvis-floor-lamp-black","status":"publish","type":"product","link":"https:\/\/urboowhome.com\/index.php\/produto\/kelvis-floor-lamp-black\/","title":{"rendered":"Kelvis | Floor lamp | Black"},"content":{"rendered":"","protected":false},"excerpt":{"rendered":"<p>A\u00a0 Kelvis apresenta um design simples e minimalista com duas c\u00fapulas em formato de cone que conferem um toque gr\u00e1fico refinado. Os cabe\u00e7otes ajust\u00e1veis \u200b\u200bpodem ser inclinados e girados para direcionar a luz exatamente para onde voc\u00ea precisa \u2013 ideal para leitura ou para criar uma ilumina\u00e7\u00e3o focada.<\/p>\n","protected":false},"featured_media":70343,"comment_status":"open","ping_status":"closed","template":"","meta":[],"product_brand":[],"product_cat":[129,242,245],"product_tag":[],"class_list":{"0":"post-70344","1":"product","2":"type-product","3":"status-publish","4":"has-post-thumbnail","6":"product_cat-chao","7":"product_cat-interior","8":"product_cat-novidades","11":"first","12":"instock","13":"shipping-taxable","14":"purchasable","15":"product-type-simple"},"_links":{"self":[{"href":"https:\/\/urboowhome.com\/index.php\/wp-json\/wp\/v2\/product\/70344","targetHints":{"allow":["GET"]}}],"collection":[{"href":"https:\/\/urboowhome.com\/index.php\/wp-json\/wp\/v2\/product"}],"about":[{"href":"https:\/\/urboowhome.com\/index.php\/wp-json\/wp\/v2\/types\/product"}],"replies":[{"embeddable":true,"href":"https:\/\/urboowhome.com\/index.php\/wp-json\/wp\/v2\/comments?post=70344"}],"wp:featuredmedia":[{"embeddable":true,"href":"https:\/\/urboowhome.com\/index.php\/wp-json\/wp\/v2\/media\/70343"}],"wp:attachment":[{"href":"https:\/\/urboowhome.com\/index.php\/wp-json\/wp\/v2\/media?parent=70344"}],"wp:term":[{"taxonomy":"product_brand","embeddable":true,"href":"https:\/\/urboowhome.com\/index.php\/wp-json\/wp\/v2\/product_brand?post=70344"},{"taxonomy":"product_cat","embeddable":true,"href":"https:\/\/urboowhome.com\/index.php\/wp-json\/wp\/v2\/product_cat?post=70344"},{"taxonomy":"product_tag","embeddable":true,"href":"https:\/\/urboowhome.com\/index.php\/wp-json\/wp\/v2\/product_tag?post=70344"}],"curies":[{"name":"wp","href":"https:\/\/api.w.org\/{rel}","templated":true}]}}