{"id":70368,"date":"2026-04-14T14:21:26","date_gmt":"2026-04-14T14:21:26","guid":{"rendered":"https:\/\/urboowhome.com\/index.php\/produto\/izara-110-floor-lamp-beige\/"},"modified":"2026-04-14T15:08:55","modified_gmt":"2026-04-14T15:08:55","slug":"izara-110-floor-lamp-beige","status":"publish","type":"product","link":"https:\/\/urboowhome.com\/index.php\/produto\/izara-110-floor-lamp-beige\/","title":{"rendered":"Izara 110 | Floor lamp | Beige"},"content":{"rendered":"","protected":false},"excerpt":{"rendered":"<p>Izara apresenta uma silhueta cil\u00edndrica simples que real\u00e7a a beleza dos materiais naturais. A c\u00fapula de linho cria um brilho suave e difuso, enquanto as fontes de luz, tanto na c\u00fapula quanto na base, proporcionam uma ilumina\u00e7\u00e3o uniforme de cima a baixo.<\/p>\n","protected":false},"featured_media":70367,"comment_status":"open","ping_status":"closed","template":"","meta":[],"product_brand":[],"product_cat":[129,242,245],"product_tag":[],"class_list":{"0":"post-70368","1":"product","2":"type-product","3":"status-publish","4":"has-post-thumbnail","6":"product_cat-chao","7":"product_cat-interior","8":"product_cat-novidades","11":"first","12":"instock","13":"shipping-taxable","14":"purchasable","15":"product-type-simple"},"_links":{"self":[{"href":"https:\/\/urboowhome.com\/index.php\/wp-json\/wp\/v2\/product\/70368","targetHints":{"allow":["GET"]}}],"collection":[{"href":"https:\/\/urboowhome.com\/index.php\/wp-json\/wp\/v2\/product"}],"about":[{"href":"https:\/\/urboowhome.com\/index.php\/wp-json\/wp\/v2\/types\/product"}],"replies":[{"embeddable":true,"href":"https:\/\/urboowhome.com\/index.php\/wp-json\/wp\/v2\/comments?post=70368"}],"wp:featuredmedia":[{"embeddable":true,"href":"https:\/\/urboowhome.com\/index.php\/wp-json\/wp\/v2\/media\/70367"}],"wp:attachment":[{"href":"https:\/\/urboowhome.com\/index.php\/wp-json\/wp\/v2\/media?parent=70368"}],"wp:term":[{"taxonomy":"product_brand","embeddable":true,"href":"https:\/\/urboowhome.com\/index.php\/wp-json\/wp\/v2\/product_brand?post=70368"},{"taxonomy":"product_cat","embeddable":true,"href":"https:\/\/urboowhome.com\/index.php\/wp-json\/wp\/v2\/product_cat?post=70368"},{"taxonomy":"product_tag","embeddable":true,"href":"https:\/\/urboowhome.com\/index.php\/wp-json\/wp\/v2\/product_tag?post=70368"}],"curies":[{"name":"wp","href":"https:\/\/api.w.org\/{rel}","templated":true}]}}