{"id":70387,"date":"2026-04-14T14:23:14","date_gmt":"2026-04-14T14:23:14","guid":{"rendered":"https:\/\/urboowhome.com\/index.php\/produto\/marcellio-solar-wall-light-brown\/"},"modified":"2026-04-14T15:28:21","modified_gmt":"2026-04-14T15:28:21","slug":"marcellio-solar-wall-light-brown","status":"publish","type":"product","link":"https:\/\/urboowhome.com\/index.php\/produto\/marcellio-solar-wall-light-brown\/","title":{"rendered":"Marcellio Solar | Wall light | Brown"},"content":{"rendered":"","protected":false},"excerpt":{"rendered":"<p>Marcellio, do est\u00fadio de design dinamarqu\u00eas Says Who, \u00e9 um candeeiro de parede sem fio com um formato elegante e curvo e um painel solar integrado. Ela carrega durante o dia e liga automaticamente ao detetar movimento. A luz direcionada para baixo torna-a ideal para entradas, caminhos de jardim ou ao longo de cercas. F\u00e1cil de instalar, sem necessidade de cabos.<\/p>\n","protected":false},"featured_media":70386,"comment_status":"open","ping_status":"closed","template":"","meta":[],"product_brand":[],"product_cat":[243,121,245,120],"product_tag":[],"class_list":{"0":"post-70387","1":"product","2":"type-product","3":"status-publish","4":"has-post-thumbnail","6":"product_cat-exterior","7":"product_cat-jardim","8":"product_cat-novidades","9":"product_cat-parede-exterior","12":"first","13":"instock","14":"shipping-taxable","15":"purchasable","16":"product-type-simple"},"_links":{"self":[{"href":"https:\/\/urboowhome.com\/index.php\/wp-json\/wp\/v2\/product\/70387","targetHints":{"allow":["GET"]}}],"collection":[{"href":"https:\/\/urboowhome.com\/index.php\/wp-json\/wp\/v2\/product"}],"about":[{"href":"https:\/\/urboowhome.com\/index.php\/wp-json\/wp\/v2\/types\/product"}],"replies":[{"embeddable":true,"href":"https:\/\/urboowhome.com\/index.php\/wp-json\/wp\/v2\/comments?post=70387"}],"wp:featuredmedia":[{"embeddable":true,"href":"https:\/\/urboowhome.com\/index.php\/wp-json\/wp\/v2\/media\/70386"}],"wp:attachment":[{"href":"https:\/\/urboowhome.com\/index.php\/wp-json\/wp\/v2\/media?parent=70387"}],"wp:term":[{"taxonomy":"product_brand","embeddable":true,"href":"https:\/\/urboowhome.com\/index.php\/wp-json\/wp\/v2\/product_brand?post=70387"},{"taxonomy":"product_cat","embeddable":true,"href":"https:\/\/urboowhome.com\/index.php\/wp-json\/wp\/v2\/product_cat?post=70387"},{"taxonomy":"product_tag","embeddable":true,"href":"https:\/\/urboowhome.com\/index.php\/wp-json\/wp\/v2\/product_tag?post=70387"}],"curies":[{"name":"wp","href":"https:\/\/api.w.org\/{rel}","templated":true}]}}