{"id":70398,"date":"2026-04-14T14:24:18","date_gmt":"2026-04-14T14:24:18","guid":{"rendered":"https:\/\/urboowhome.com\/index.php\/produto\/cirella-wall-light-seaside-black\/"},"modified":"2026-04-14T15:10:19","modified_gmt":"2026-04-14T15:10:19","slug":"cirella-wall-light-seaside-black","status":"publish","type":"product","link":"https:\/\/urboowhome.com\/index.php\/produto\/cirella-wall-light-seaside-black\/","title":{"rendered":"Cirella | Wall light | Seaside black"},"content":{"rendered":"","protected":false},"excerpt":{"rendered":"<p><span dir=\"auto\">Com as suas linhas e silhueta s\u00f3lida, a Cirella, da dupla de designers dinamarqueses Says Who, traz uma express\u00e3o arquitet\u00f3nica para espa\u00e7os externos modernos. O design brinca com o contraste: as curvas suaves encontram \u00e2ngulos retos numa forma escultural que transmite uma sensa\u00e7\u00e3o contempor\u00e2nea e atemporal.<\/span><\/p>\n","protected":false},"featured_media":70397,"comment_status":"open","ping_status":"closed","template":"","meta":[],"product_brand":[],"product_cat":[243,121,245,120],"product_tag":[],"class_list":{"0":"post-70398","1":"product","2":"type-product","3":"status-publish","4":"has-post-thumbnail","6":"product_cat-exterior","7":"product_cat-jardim","8":"product_cat-novidades","9":"product_cat-parede-exterior","12":"first","13":"instock","14":"shipping-taxable","15":"purchasable","16":"product-type-simple"},"_links":{"self":[{"href":"https:\/\/urboowhome.com\/index.php\/wp-json\/wp\/v2\/product\/70398","targetHints":{"allow":["GET"]}}],"collection":[{"href":"https:\/\/urboowhome.com\/index.php\/wp-json\/wp\/v2\/product"}],"about":[{"href":"https:\/\/urboowhome.com\/index.php\/wp-json\/wp\/v2\/types\/product"}],"replies":[{"embeddable":true,"href":"https:\/\/urboowhome.com\/index.php\/wp-json\/wp\/v2\/comments?post=70398"}],"wp:featuredmedia":[{"embeddable":true,"href":"https:\/\/urboowhome.com\/index.php\/wp-json\/wp\/v2\/media\/70397"}],"wp:attachment":[{"href":"https:\/\/urboowhome.com\/index.php\/wp-json\/wp\/v2\/media?parent=70398"}],"wp:term":[{"taxonomy":"product_brand","embeddable":true,"href":"https:\/\/urboowhome.com\/index.php\/wp-json\/wp\/v2\/product_brand?post=70398"},{"taxonomy":"product_cat","embeddable":true,"href":"https:\/\/urboowhome.com\/index.php\/wp-json\/wp\/v2\/product_cat?post=70398"},{"taxonomy":"product_tag","embeddable":true,"href":"https:\/\/urboowhome.com\/index.php\/wp-json\/wp\/v2\/product_tag?post=70398"}],"curies":[{"name":"wp","href":"https:\/\/api.w.org\/{rel}","templated":true}]}}