{"id":70408,"date":"2026-04-14T14:25:23","date_gmt":"2026-04-14T14:25:23","guid":{"rendered":"https:\/\/urboowhome.com\/index.php\/produto\/clarini-wall-light-seaside-black\/"},"modified":"2026-04-14T15:11:06","modified_gmt":"2026-04-14T15:11:06","slug":"clarini-wall-light-seaside-black","status":"publish","type":"product","link":"https:\/\/urboowhome.com\/index.php\/produto\/clarini-wall-light-seaside-black\/","title":{"rendered":"Clarini | Wall light | Seaside black"},"content":{"rendered":"","protected":false},"excerpt":{"rendered":"<p>Clarini \u00e9 um aplique de parede com um design geom\u00e9trico e minimalista. A luz incide tanto para cima quanto para baixo, atrav\u00e9s de uma estreita abertura vertical, criando um efeito de ilumina\u00e7\u00e3o elegante. O seu design minimalista torna-a perfeita para arquitetura moderna.<\/p>\n","protected":false},"featured_media":70407,"comment_status":"open","ping_status":"closed","template":"","meta":[],"product_brand":[],"product_cat":[243,121,245,120],"product_tag":[],"class_list":{"0":"post-70408","1":"product","2":"type-product","3":"status-publish","4":"has-post-thumbnail","6":"product_cat-exterior","7":"product_cat-jardim","8":"product_cat-novidades","9":"product_cat-parede-exterior","12":"first","13":"instock","14":"shipping-taxable","15":"purchasable","16":"product-type-simple"},"_links":{"self":[{"href":"https:\/\/urboowhome.com\/index.php\/wp-json\/wp\/v2\/product\/70408","targetHints":{"allow":["GET"]}}],"collection":[{"href":"https:\/\/urboowhome.com\/index.php\/wp-json\/wp\/v2\/product"}],"about":[{"href":"https:\/\/urboowhome.com\/index.php\/wp-json\/wp\/v2\/types\/product"}],"replies":[{"embeddable":true,"href":"https:\/\/urboowhome.com\/index.php\/wp-json\/wp\/v2\/comments?post=70408"}],"wp:featuredmedia":[{"embeddable":true,"href":"https:\/\/urboowhome.com\/index.php\/wp-json\/wp\/v2\/media\/70407"}],"wp:attachment":[{"href":"https:\/\/urboowhome.com\/index.php\/wp-json\/wp\/v2\/media?parent=70408"}],"wp:term":[{"taxonomy":"product_brand","embeddable":true,"href":"https:\/\/urboowhome.com\/index.php\/wp-json\/wp\/v2\/product_brand?post=70408"},{"taxonomy":"product_cat","embeddable":true,"href":"https:\/\/urboowhome.com\/index.php\/wp-json\/wp\/v2\/product_cat?post=70408"},{"taxonomy":"product_tag","embeddable":true,"href":"https:\/\/urboowhome.com\/index.php\/wp-json\/wp\/v2\/product_tag?post=70408"}],"curies":[{"name":"wp","href":"https:\/\/api.w.org\/{rel}","templated":true}]}}