{"id":70419,"date":"2026-04-14T14:26:26","date_gmt":"2026-04-14T14:26:26","guid":{"rendered":"https:\/\/urboowhome.com\/index.php\/produto\/nico-22-round-maxi-wall-light-black\/"},"modified":"2026-04-14T15:11:31","modified_gmt":"2026-04-14T15:11:31","slug":"nico-22-round-maxi-wall-light-black","status":"publish","type":"product","link":"https:\/\/urboowhome.com\/index.php\/produto\/nico-22-round-maxi-wall-light-black\/","title":{"rendered":"Nico 22 Round Maxi | Wall light | Black"},"content":{"rendered":"","protected":false},"excerpt":{"rendered":"<p>O plafon Nico Round Maxi possui um design elegante e moderno que projeta a luz tanto para cima quanto para baixo, criando um belo efeito luminoso. A sua silhueta arredondada e obl\u00edqua adapta-se \u00e0 maioria dos projetos exteriores, sejam eles de arquitetura cl\u00e1ssica ou contempor\u00e2nea.<\/p>\n","protected":false},"featured_media":70418,"comment_status":"open","ping_status":"closed","template":"","meta":[],"product_brand":[],"product_cat":[243,121,245,120],"product_tag":[],"class_list":{"0":"post-70419","1":"product","2":"type-product","3":"status-publish","4":"has-post-thumbnail","6":"product_cat-exterior","7":"product_cat-jardim","8":"product_cat-novidades","9":"product_cat-parede-exterior","12":"first","13":"instock","14":"shipping-taxable","15":"purchasable","16":"product-type-simple"},"_links":{"self":[{"href":"https:\/\/urboowhome.com\/index.php\/wp-json\/wp\/v2\/product\/70419","targetHints":{"allow":["GET"]}}],"collection":[{"href":"https:\/\/urboowhome.com\/index.php\/wp-json\/wp\/v2\/product"}],"about":[{"href":"https:\/\/urboowhome.com\/index.php\/wp-json\/wp\/v2\/types\/product"}],"replies":[{"embeddable":true,"href":"https:\/\/urboowhome.com\/index.php\/wp-json\/wp\/v2\/comments?post=70419"}],"wp:featuredmedia":[{"embeddable":true,"href":"https:\/\/urboowhome.com\/index.php\/wp-json\/wp\/v2\/media\/70418"}],"wp:attachment":[{"href":"https:\/\/urboowhome.com\/index.php\/wp-json\/wp\/v2\/media?parent=70419"}],"wp:term":[{"taxonomy":"product_brand","embeddable":true,"href":"https:\/\/urboowhome.com\/index.php\/wp-json\/wp\/v2\/product_brand?post=70419"},{"taxonomy":"product_cat","embeddable":true,"href":"https:\/\/urboowhome.com\/index.php\/wp-json\/wp\/v2\/product_cat?post=70419"},{"taxonomy":"product_tag","embeddable":true,"href":"https:\/\/urboowhome.com\/index.php\/wp-json\/wp\/v2\/product_tag?post=70419"}],"curies":[{"name":"wp","href":"https:\/\/api.w.org\/{rel}","templated":true}]}}