{"id":70430,"date":"2026-04-14T14:27:29","date_gmt":"2026-04-14T14:27:29","guid":{"rendered":"https:\/\/urboowhome.com\/index.php\/produto\/kyklop-ripple-maxi-wall-light-black\/"},"modified":"2026-04-14T15:11:55","modified_gmt":"2026-04-14T15:11:55","slug":"kyklop-ripple-maxi-wall-light-black","status":"publish","type":"product","link":"https:\/\/urboowhome.com\/index.php\/produto\/kyklop-ripple-maxi-wall-light-black\/","title":{"rendered":"Kyklop Ripple Maxi | Wall light | Black"},"content":{"rendered":"","protected":false},"excerpt":{"rendered":"<p>Kyklop Ripple Maxi \u00e9 um candeeiro de parede moderno e elegante, criada pela dupla de designers dinamarqueses Says Who. A luz \u00e9 emitida tanto para cima quanto para baixo, criando um interessante efeito de ilumina\u00e7\u00e3o na parede. \u00c9 feita de metal preto com uma bela superf\u00edcie ondulada.<\/p>\n","protected":false},"featured_media":70429,"comment_status":"open","ping_status":"closed","template":"","meta":[],"product_brand":[],"product_cat":[243,121,245,120],"product_tag":[],"class_list":{"0":"post-70430","1":"product","2":"type-product","3":"status-publish","4":"has-post-thumbnail","6":"product_cat-exterior","7":"product_cat-jardim","8":"product_cat-novidades","9":"product_cat-parede-exterior","12":"first","13":"instock","14":"shipping-taxable","15":"purchasable","16":"product-type-simple"},"_links":{"self":[{"href":"https:\/\/urboowhome.com\/index.php\/wp-json\/wp\/v2\/product\/70430","targetHints":{"allow":["GET"]}}],"collection":[{"href":"https:\/\/urboowhome.com\/index.php\/wp-json\/wp\/v2\/product"}],"about":[{"href":"https:\/\/urboowhome.com\/index.php\/wp-json\/wp\/v2\/types\/product"}],"replies":[{"embeddable":true,"href":"https:\/\/urboowhome.com\/index.php\/wp-json\/wp\/v2\/comments?post=70430"}],"wp:featuredmedia":[{"embeddable":true,"href":"https:\/\/urboowhome.com\/index.php\/wp-json\/wp\/v2\/media\/70429"}],"wp:attachment":[{"href":"https:\/\/urboowhome.com\/index.php\/wp-json\/wp\/v2\/media?parent=70430"}],"wp:term":[{"taxonomy":"product_brand","embeddable":true,"href":"https:\/\/urboowhome.com\/index.php\/wp-json\/wp\/v2\/product_brand?post=70430"},{"taxonomy":"product_cat","embeddable":true,"href":"https:\/\/urboowhome.com\/index.php\/wp-json\/wp\/v2\/product_cat?post=70430"},{"taxonomy":"product_tag","embeddable":true,"href":"https:\/\/urboowhome.com\/index.php\/wp-json\/wp\/v2\/product_tag?post=70430"}],"curies":[{"name":"wp","href":"https:\/\/api.w.org\/{rel}","templated":true}]}}