{"id":70445,"date":"2026-04-14T14:28:52","date_gmt":"2026-04-14T14:28:52","guid":{"rendered":"https:\/\/urboowhome.com\/index.php\/produto\/oja-29-outdoor-square-ceiling-light-black\/"},"modified":"2026-04-14T15:12:57","modified_gmt":"2026-04-14T15:12:57","slug":"oja-29-outdoor-square-ceiling-light-black","status":"publish","type":"product","link":"https:\/\/urboowhome.com\/index.php\/produto\/oja-29-outdoor-square-ceiling-light-black\/","title":{"rendered":"Oja 29 Outdoor Square | Ceiling light | Black"},"content":{"rendered":"","protected":false},"excerpt":{"rendered":"<p>Oja \u00e9 uma luz de teto de exterior ultrafina com um design elegante e minimalista e alta classifica\u00e7\u00e3o IP (IP54). Ela oferece ilumina\u00e7\u00e3o funcional e decorativa, com um efeito subtil de luz de fundo quando acesa.<\/p>\n","protected":false},"featured_media":70444,"comment_status":"open","ping_status":"closed","template":"","meta":[],"product_brand":[],"product_cat":[243,245,238],"product_tag":[],"class_list":{"0":"post-70445","1":"product","2":"type-product","3":"status-publish","4":"has-post-thumbnail","6":"product_cat-exterior","7":"product_cat-novidades","8":"product_cat-teto-exterior","11":"first","12":"instock","13":"shipping-taxable","14":"purchasable","15":"product-type-simple"},"_links":{"self":[{"href":"https:\/\/urboowhome.com\/index.php\/wp-json\/wp\/v2\/product\/70445","targetHints":{"allow":["GET"]}}],"collection":[{"href":"https:\/\/urboowhome.com\/index.php\/wp-json\/wp\/v2\/product"}],"about":[{"href":"https:\/\/urboowhome.com\/index.php\/wp-json\/wp\/v2\/types\/product"}],"replies":[{"embeddable":true,"href":"https:\/\/urboowhome.com\/index.php\/wp-json\/wp\/v2\/comments?post=70445"}],"wp:featuredmedia":[{"embeddable":true,"href":"https:\/\/urboowhome.com\/index.php\/wp-json\/wp\/v2\/media\/70444"}],"wp:attachment":[{"href":"https:\/\/urboowhome.com\/index.php\/wp-json\/wp\/v2\/media?parent=70445"}],"wp:term":[{"taxonomy":"product_brand","embeddable":true,"href":"https:\/\/urboowhome.com\/index.php\/wp-json\/wp\/v2\/product_brand?post=70445"},{"taxonomy":"product_cat","embeddable":true,"href":"https:\/\/urboowhome.com\/index.php\/wp-json\/wp\/v2\/product_cat?post=70445"},{"taxonomy":"product_tag","embeddable":true,"href":"https:\/\/urboowhome.com\/index.php\/wp-json\/wp\/v2\/product_tag?post=70445"}],"curies":[{"name":"wp","href":"https:\/\/api.w.org\/{rel}","templated":true}]}}