{"id":70521,"date":"2026-04-14T14:34:33","date_gmt":"2026-04-14T14:34:33","guid":{"rendered":"https:\/\/urboowhome.com\/index.php\/produto\/sidara-95-garden-light-seaside-black\/"},"modified":"2026-04-14T15:18:11","modified_gmt":"2026-04-14T15:18:11","slug":"sidara-95-garden-light-seaside-black","status":"publish","type":"product","link":"https:\/\/urboowhome.com\/index.php\/produto\/sidara-95-garden-light-seaside-black\/","title":{"rendered":"Sidara 95 | Garden light | Seaside black"},"content":{"rendered":"","protected":false},"excerpt":{"rendered":"<p><span dir=\"auto\">Projetada pelo renomado Jacob Jensen Design, este candeeiro de jardim Sidara combina minimalismo moderno com uma express\u00e3o arquitet\u00f4nica refinada. A superf\u00edcie perfurada cria um belo jogo de luz e sombra em suas \u00e1reas externas. F\u00e1cil de instalar com a base inclusa.<\/span><\/p>\n<p><span dir=\"auto\">Recomendamos uma l\u00e2mpada de alto fluxo luminoso para obter o efeito de ilumina\u00e7\u00e3o desejado.<\/span><\/p>\n","protected":false},"featured_media":70520,"comment_status":"open","ping_status":"closed","template":"","meta":[],"product_brand":[],"product_cat":[243,121,245],"product_tag":[],"class_list":{"0":"post-70521","1":"product","2":"type-product","3":"status-publish","4":"has-post-thumbnail","6":"product_cat-exterior","7":"product_cat-jardim","8":"product_cat-novidades","11":"first","12":"instock","13":"shipping-taxable","14":"purchasable","15":"product-type-simple"},"_links":{"self":[{"href":"https:\/\/urboowhome.com\/index.php\/wp-json\/wp\/v2\/product\/70521","targetHints":{"allow":["GET"]}}],"collection":[{"href":"https:\/\/urboowhome.com\/index.php\/wp-json\/wp\/v2\/product"}],"about":[{"href":"https:\/\/urboowhome.com\/index.php\/wp-json\/wp\/v2\/types\/product"}],"replies":[{"embeddable":true,"href":"https:\/\/urboowhome.com\/index.php\/wp-json\/wp\/v2\/comments?post=70521"}],"wp:featuredmedia":[{"embeddable":true,"href":"https:\/\/urboowhome.com\/index.php\/wp-json\/wp\/v2\/media\/70520"}],"wp:attachment":[{"href":"https:\/\/urboowhome.com\/index.php\/wp-json\/wp\/v2\/media?parent=70521"}],"wp:term":[{"taxonomy":"product_brand","embeddable":true,"href":"https:\/\/urboowhome.com\/index.php\/wp-json\/wp\/v2\/product_brand?post=70521"},{"taxonomy":"product_cat","embeddable":true,"href":"https:\/\/urboowhome.com\/index.php\/wp-json\/wp\/v2\/product_cat?post=70521"},{"taxonomy":"product_tag","embeddable":true,"href":"https:\/\/urboowhome.com\/index.php\/wp-json\/wp\/v2\/product_tag?post=70521"}],"curies":[{"name":"wp","href":"https:\/\/api.w.org\/{rel}","templated":true}]}}