{"id":70535,"date":"2026-04-14T14:35:37","date_gmt":"2026-04-14T14:35:37","guid":{"rendered":"https:\/\/urboowhome.com\/index.php\/produto\/sidara-95-garden-light-seaside-anthracite\/"},"modified":"2026-04-14T15:18:57","modified_gmt":"2026-04-14T15:18:57","slug":"sidara-95-garden-light-seaside-anthracite","status":"publish","type":"product","link":"https:\/\/urboowhome.com\/index.php\/produto\/sidara-95-garden-light-seaside-anthracite\/","title":{"rendered":"Sidara 95 | Garden light | Seaside anthracite"},"content":{"rendered":"","protected":false},"excerpt":{"rendered":"<p><span dir=\"auto\">Projetada pelo renomado Jacob Jensen Design, este candeeiro de jardim Sidara combina minimalismo moderno com uma express\u00e3o arquitet\u00f4nica refinada. A superf\u00edcie perfurada cria um belo jogo de luz e sombra em suas \u00e1reas externas.<\/span><\/p>\n<p><span dir=\"auto\">Recomendamos uma l\u00e2mpada de alta luminosidade para obter o efeito de ilumina\u00e7\u00e3o desejado.<\/span><\/p>\n","protected":false},"featured_media":70534,"comment_status":"open","ping_status":"closed","template":"","meta":[],"product_brand":[],"product_cat":[243,121,245],"product_tag":[],"class_list":{"0":"post-70535","1":"product","2":"type-product","3":"status-publish","4":"has-post-thumbnail","6":"product_cat-exterior","7":"product_cat-jardim","8":"product_cat-novidades","11":"first","12":"instock","13":"shipping-taxable","14":"purchasable","15":"product-type-simple"},"_links":{"self":[{"href":"https:\/\/urboowhome.com\/index.php\/wp-json\/wp\/v2\/product\/70535","targetHints":{"allow":["GET"]}}],"collection":[{"href":"https:\/\/urboowhome.com\/index.php\/wp-json\/wp\/v2\/product"}],"about":[{"href":"https:\/\/urboowhome.com\/index.php\/wp-json\/wp\/v2\/types\/product"}],"replies":[{"embeddable":true,"href":"https:\/\/urboowhome.com\/index.php\/wp-json\/wp\/v2\/comments?post=70535"}],"wp:featuredmedia":[{"embeddable":true,"href":"https:\/\/urboowhome.com\/index.php\/wp-json\/wp\/v2\/media\/70534"}],"wp:attachment":[{"href":"https:\/\/urboowhome.com\/index.php\/wp-json\/wp\/v2\/media?parent=70535"}],"wp:term":[{"taxonomy":"product_brand","embeddable":true,"href":"https:\/\/urboowhome.com\/index.php\/wp-json\/wp\/v2\/product_brand?post=70535"},{"taxonomy":"product_cat","embeddable":true,"href":"https:\/\/urboowhome.com\/index.php\/wp-json\/wp\/v2\/product_cat?post=70535"},{"taxonomy":"product_tag","embeddable":true,"href":"https:\/\/urboowhome.com\/index.php\/wp-json\/wp\/v2\/product_tag?post=70535"}],"curies":[{"name":"wp","href":"https:\/\/api.w.org\/{rel}","templated":true}]}}