{"id":70568,"date":"2026-04-14T14:37:38","date_gmt":"2026-04-14T14:37:38","guid":{"rendered":"https:\/\/urboowhome.com\/index.php\/produto\/makoto-table-lamp-satin-chrome\/"},"modified":"2026-04-14T15:21:10","modified_gmt":"2026-04-14T15:21:10","slug":"makoto-table-lamp-satin-chrome","status":"publish","type":"product","link":"https:\/\/urboowhome.com\/index.php\/produto\/makoto-table-lamp-satin-chrome\/","title":{"rendered":"Makoto | Table lamp | Satin chrome"},"content":{"rendered":"","protected":false},"excerpt":{"rendered":"<p>Makoto \u00e9 um candeeiro de mesa elegante e minimalista, desenhado pelo est\u00fadio dinamarqu\u00eas Nital Studio. A sua silhueta vertical minimalista tem um acabamento em cromado acetinado \u2013 um tom quente de cromado escovado que confere uma subtil suavidade ao visual industrial. A cabe\u00e7a do candeeiro ajust\u00e1vel proporciona uma luz flex\u00edvel e direcionada, tornando Makoto ideal para leitura e trabalho.<\/p>\n","protected":false},"featured_media":70567,"comment_status":"open","ping_status":"closed","template":"","meta":[],"product_brand":[],"product_cat":[242,245,128],"product_tag":[],"class_list":{"0":"post-70568","1":"product","2":"type-product","3":"status-publish","4":"has-post-thumbnail","6":"product_cat-interior","7":"product_cat-novidades","8":"product_cat-secretaria","11":"first","12":"instock","13":"shipping-taxable","14":"purchasable","15":"product-type-simple"},"_links":{"self":[{"href":"https:\/\/urboowhome.com\/index.php\/wp-json\/wp\/v2\/product\/70568","targetHints":{"allow":["GET"]}}],"collection":[{"href":"https:\/\/urboowhome.com\/index.php\/wp-json\/wp\/v2\/product"}],"about":[{"href":"https:\/\/urboowhome.com\/index.php\/wp-json\/wp\/v2\/types\/product"}],"replies":[{"embeddable":true,"href":"https:\/\/urboowhome.com\/index.php\/wp-json\/wp\/v2\/comments?post=70568"}],"wp:featuredmedia":[{"embeddable":true,"href":"https:\/\/urboowhome.com\/index.php\/wp-json\/wp\/v2\/media\/70567"}],"wp:attachment":[{"href":"https:\/\/urboowhome.com\/index.php\/wp-json\/wp\/v2\/media?parent=70568"}],"wp:term":[{"taxonomy":"product_brand","embeddable":true,"href":"https:\/\/urboowhome.com\/index.php\/wp-json\/wp\/v2\/product_brand?post=70568"},{"taxonomy":"product_cat","embeddable":true,"href":"https:\/\/urboowhome.com\/index.php\/wp-json\/wp\/v2\/product_cat?post=70568"},{"taxonomy":"product_tag","embeddable":true,"href":"https:\/\/urboowhome.com\/index.php\/wp-json\/wp\/v2\/product_tag?post=70568"}],"curies":[{"name":"wp","href":"https:\/\/api.w.org\/{rel}","templated":true}]}}