{"id":70576,"date":"2026-04-14T14:38:05","date_gmt":"2026-04-14T14:38:05","guid":{"rendered":"https:\/\/urboowhome.com\/index.php\/produto\/makoto-floor-lamp-satin-chrome\/"},"modified":"2026-04-14T15:23:43","modified_gmt":"2026-04-14T15:23:43","slug":"makoto-floor-lamp-satin-chrome","status":"publish","type":"product","link":"https:\/\/urboowhome.com\/index.php\/produto\/makoto-floor-lamp-satin-chrome\/","title":{"rendered":"Makoto | Floor lamp | Satin chrome"},"content":{"rendered":"","protected":false},"excerpt":{"rendered":"<p>Makoto \u00e9 um candeeiro de ch\u00e3o elegante e minimalista, projetada pelo est\u00fadio dinamarqu\u00eas Nital Studio. A silhueta vertical minimalista possui acabamento em cromo acetinado \u2013 um tom quente de cromo escovado que adiciona uma suavidade sutil ao visual industrial. Os dois focos de luz ajust\u00e1veis \u200b\u200bproporcionam ilumina\u00e7\u00e3o flex\u00edvel e direcionada, tornando Makoto ideal para leitura, trabalho ou para iluminar \u00e1reas espec\u00edficas.<\/p>\n","protected":false},"featured_media":70575,"comment_status":"open","ping_status":"closed","template":"","meta":[],"product_brand":[],"product_cat":[129,242,245],"product_tag":[],"class_list":{"0":"post-70576","1":"product","2":"type-product","3":"status-publish","4":"has-post-thumbnail","6":"product_cat-chao","7":"product_cat-interior","8":"product_cat-novidades","11":"first","12":"instock","13":"shipping-taxable","14":"purchasable","15":"product-type-simple"},"_links":{"self":[{"href":"https:\/\/urboowhome.com\/index.php\/wp-json\/wp\/v2\/product\/70576","targetHints":{"allow":["GET"]}}],"collection":[{"href":"https:\/\/urboowhome.com\/index.php\/wp-json\/wp\/v2\/product"}],"about":[{"href":"https:\/\/urboowhome.com\/index.php\/wp-json\/wp\/v2\/types\/product"}],"replies":[{"embeddable":true,"href":"https:\/\/urboowhome.com\/index.php\/wp-json\/wp\/v2\/comments?post=70576"}],"wp:featuredmedia":[{"embeddable":true,"href":"https:\/\/urboowhome.com\/index.php\/wp-json\/wp\/v2\/media\/70575"}],"wp:attachment":[{"href":"https:\/\/urboowhome.com\/index.php\/wp-json\/wp\/v2\/media?parent=70576"}],"wp:term":[{"taxonomy":"product_brand","embeddable":true,"href":"https:\/\/urboowhome.com\/index.php\/wp-json\/wp\/v2\/product_brand?post=70576"},{"taxonomy":"product_cat","embeddable":true,"href":"https:\/\/urboowhome.com\/index.php\/wp-json\/wp\/v2\/product_cat?post=70576"},{"taxonomy":"product_tag","embeddable":true,"href":"https:\/\/urboowhome.com\/index.php\/wp-json\/wp\/v2\/product_tag?post=70576"}],"curies":[{"name":"wp","href":"https:\/\/api.w.org\/{rel}","templated":true}]}}