{"id":70585,"date":"2026-04-14T14:38:35","date_gmt":"2026-04-14T14:38:35","guid":{"rendered":"https:\/\/urboowhome.com\/index.php\/produto\/akeno-pendant-brown\/"},"modified":"2026-04-14T15:21:49","modified_gmt":"2026-04-14T15:21:49","slug":"akeno-pendant-brown","status":"publish","type":"product","link":"https:\/\/urboowhome.com\/index.php\/produto\/akeno-pendant-brown\/","title":{"rendered":"Akeno | Pendant | Brown"},"content":{"rendered":"","protected":false},"excerpt":{"rendered":"<p>A Akeno, dos designers dinamarqueses Bj\u00f8rn + Balle, possui uma silhueta elegante e minimalista, expressa de forma sensual atrav\u00e9s de detalhes em madeira em tons quentes e lat\u00e3o sofisticado. Akeno \u00e9 a escolha ideal para iluminar uma ilha de cozinha, mesa de jantar ou escrivaninha. Com sua luz regul\u00e1vel e design elegante, Akeno cria a atmosfera perfeita sem dominar o ambiente.<\/p>\n","protected":false},"featured_media":70584,"comment_status":"open","ping_status":"closed","template":"","meta":[],"product_brand":[],"product_cat":[242,245,115],"product_tag":[],"class_list":{"0":"post-70585","1":"product","2":"type-product","3":"status-publish","4":"has-post-thumbnail","6":"product_cat-interior","7":"product_cat-novidades","8":"product_cat-pendentes","11":"first","12":"instock","13":"shipping-taxable","14":"purchasable","15":"product-type-simple"},"_links":{"self":[{"href":"https:\/\/urboowhome.com\/index.php\/wp-json\/wp\/v2\/product\/70585","targetHints":{"allow":["GET"]}}],"collection":[{"href":"https:\/\/urboowhome.com\/index.php\/wp-json\/wp\/v2\/product"}],"about":[{"href":"https:\/\/urboowhome.com\/index.php\/wp-json\/wp\/v2\/types\/product"}],"replies":[{"embeddable":true,"href":"https:\/\/urboowhome.com\/index.php\/wp-json\/wp\/v2\/comments?post=70585"}],"wp:featuredmedia":[{"embeddable":true,"href":"https:\/\/urboowhome.com\/index.php\/wp-json\/wp\/v2\/media\/70584"}],"wp:attachment":[{"href":"https:\/\/urboowhome.com\/index.php\/wp-json\/wp\/v2\/media?parent=70585"}],"wp:term":[{"taxonomy":"product_brand","embeddable":true,"href":"https:\/\/urboowhome.com\/index.php\/wp-json\/wp\/v2\/product_brand?post=70585"},{"taxonomy":"product_cat","embeddable":true,"href":"https:\/\/urboowhome.com\/index.php\/wp-json\/wp\/v2\/product_cat?post=70585"},{"taxonomy":"product_tag","embeddable":true,"href":"https:\/\/urboowhome.com\/index.php\/wp-json\/wp\/v2\/product_tag?post=70585"}],"curies":[{"name":"wp","href":"https:\/\/api.w.org\/{rel}","templated":true}]}}